{"id":16561,"date":"2025-02-27T16:40:22","date_gmt":"2025-02-27T14:40:22","guid":{"rendered":"https:\/\/simittribu.com\/?post_type=product&#038;p=16561"},"modified":"2026-03-10T23:24:40","modified_gmt":"2026-03-10T21:24:40","slug":"bruxelles-2","status":"publish","type":"product","link":"https:\/\/simittribu.com\/es\/producto\/bruxelles-2\/","title":{"rendered":"Bruxelles"},"content":{"rendered":"<p>Falda Corta Acampanada en Telas Upcycled \u2013 C\u00f3moda y Estilosa<\/p>\n<p>\u00bfPor Qu\u00e9 Te Encantar\u00e1?<\/p>\n<p>Hecha a partir de s\u00e1banas recicladas de los a\u00f1os 90, abrazando la moda sostenible.<br \/>\nCintura el\u00e1stica para mayor comodidad y facilidad de uso.<br \/>\nCorte en l\u00ednea A para una silueta favorecedora.<br \/>\nDise\u00f1o vers\u00e1til de dos patrones, ideal para combinar y mezclar.<br \/>\nLogo bordado de SIMIT TRIBU que a\u00f1ade un toque refinado.<br \/>\nConfeccionada en Barcelona.<\/p>\n<p>Edici\u00f3n limitada<\/p>\n","protected":false},"excerpt":{"rendered":"<p>Falda Corta Acampanada en Telas Upcycled<\/p>\n<p>Esta falda corta acampanada est\u00e1 confeccionada con s\u00e1banas recicladas de los a\u00f1os 90, combinando dos telas diferentes para una sensaci\u00f3n suave y ecol\u00f3gica. La cintura el\u00e1stica permite pon\u00e9rsela f\u00e1cilmente, mientras que el corte en l\u00ednea A asegura un ajuste favorecedor y c\u00f3modo para el d\u00eda a d\u00eda. Con dos patrones diferentes, esta falda es una pieza divertida y vers\u00e1til que combina perfectamente con nuestra camiseta &#8220;Tur\u00edn&#8221; para un look casual y chic.  <\/p>\n<p>Composici\u00f3n:<br \/>\nS\u00e1banas recicladas: 50% algod\u00f3n, 50% poli\u00e9ster<\/p>\n","protected":false},"featured_media":16358,"template":"","meta":{"_coblocks_attr":"","_coblocks_dimensions":"","_coblocks_responsive_height":"","_coblocks_accordion_ie_support":"","site-sidebar-layout":"default","site-content-layout":"","ast-site-content-layout":"default","site-content-style":"default","site-sidebar-style":"default","ast-global-header-display":"","ast-banner-title-visibility":"","ast-main-header-display":"","ast-hfb-above-header-display":"","ast-hfb-below-header-display":"","ast-hfb-mobile-header-display":"","site-post-title":"","ast-breadcrumbs-content":"","ast-featured-img":"","footer-sml-layout":"","ast-disable-related-posts":"","theme-transparent-header-meta":"default","adv-header-id-meta":"","stick-header-meta":"","header-above-stick-meta":"","header-main-stick-meta":"","header-below-stick-meta":"","astra-migrate-meta-layouts":"set","ast-page-background-enabled":"default","ast-page-background-meta":{"desktop":{"background-color":"","background-image":"","background-repeat":"repeat","background-position":"center center","background-size":"auto","background-attachment":"scroll","background-type":"","background-media":"","overlay-type":"","overlay-color":"","overlay-opacity":"","overlay-gradient":""},"tablet":{"background-color":"","background-image":"","background-repeat":"repeat","background-position":"center center","background-size":"auto","background-attachment":"scroll","background-type":"","background-media":"","overlay-type":"","overlay-color":"","overlay-opacity":"","overlay-gradient":""},"mobile":{"background-color":"","background-image":"","background-repeat":"repeat","background-position":"center center","background-size":"auto","background-attachment":"scroll","background-type":"","background-media":"","overlay-type":"","overlay-color":"","overlay-opacity":"","overlay-gradient":""}},"ast-content-background-meta":{"desktop":{"background-color":"var(--ast-global-color-5)","background-image":"","background-repeat":"repeat","background-position":"center center","background-size":"auto","background-attachment":"scroll","background-type":"","background-media":"","overlay-type":"","overlay-color":"","overlay-opacity":"","overlay-gradient":""},"tablet":{"background-color":"var(--ast-global-color-5)","background-image":"","background-repeat":"repeat","background-position":"center center","background-size":"auto","background-attachment":"scroll","background-type":"","background-media":"","overlay-type":"","overlay-color":"","overlay-opacity":"","overlay-gradient":""},"mobile":{"background-color":"var(--ast-global-color-5)","background-image":"","background-repeat":"repeat","background-position":"center center","background-size":"auto","background-attachment":"scroll","background-type":"","background-media":"","overlay-type":"","overlay-color":"","overlay-opacity":"","overlay-gradient":""}}},"product_brand":[],"product_cat":[143],"product_tag":[],"class_list":{"0":"post-16561","1":"product","2":"type-product","3":"status-publish","4":"has-post-thumbnail","6":"product_cat-faldas","7":"desktop-align-left","8":"tablet-align-left","9":"mobile-align-left","11":"first","12":"instock","13":"shipping-taxable","14":"purchasable","15":"product-type-variable"},"yoast_head":"<!-- This site is optimized with the Yoast SEO plugin v27.4 - https:\/\/yoast.com\/product\/yoast-seo-wordpress\/ -->\n<title>Bruxelles - Simit Tribu<\/title>\n<meta name=\"robots\" content=\"index, follow, max-snippet:-1, max-image-preview:large, max-video-preview:-1\" \/>\n<link rel=\"canonical\" href=\"https:\/\/simittribu.com\/es\/producto\/bruxelles-2\/\" \/>\n<meta property=\"og:locale\" content=\"es_ES\" \/>\n<meta property=\"og:type\" content=\"article\" \/>\n<meta property=\"og:title\" content=\"Bruxelles - Simit Tribu\" \/>\n<meta property=\"og:description\" content=\"Falda Corta Acampanada en Telas Upcycled Esta falda corta acampanada est\u00e1 confeccionada con s\u00e1banas recicladas de los a\u00f1os 90, combinando dos telas diferentes para una sensaci\u00f3n suave y ecol\u00f3gica. La cintura el\u00e1stica permite pon\u00e9rsela f\u00e1cilmente, mientras que el corte en l\u00ednea A asegura un ajuste favorecedor y c\u00f3modo para el d\u00eda a d\u00eda. Con dos patrones diferentes, esta falda es una pieza divertida y vers\u00e1til que combina perfectamente con nuestra camiseta &quot;Tur\u00edn&quot; para un look casual y chic.  Composici\u00f3n: S\u00e1banas recicladas: 50% algod\u00f3n, 50% poli\u00e9ster\" \/>\n<meta property=\"og:url\" content=\"https:\/\/simittribu.com\/es\/producto\/bruxelles-2\/\" \/>\n<meta property=\"og:site_name\" content=\"Simit Tribu\" \/>\n<meta property=\"article:publisher\" content=\"https:\/\/www.facebook.com\/simit.tribu\/\" \/>\n<meta property=\"article:modified_time\" content=\"2026-03-10T21:24:40+00:00\" \/>\n<meta property=\"og:image\" content=\"https:\/\/simittribu.com\/wp-content\/uploads\/2025\/02\/Flared-yellow-skirt-in-upcycled-fabric.webp\" \/>\n\t<meta property=\"og:image:width\" content=\"1066\" \/>\n\t<meta property=\"og:image:height\" content=\"1600\" \/>\n\t<meta property=\"og:image:type\" content=\"image\/webp\" \/>\n<meta name=\"twitter:card\" content=\"summary_large_image\" \/>\n<script type=\"application\/ld+json\" class=\"yoast-schema-graph\">{\"@context\":\"https:\\\/\\\/schema.org\",\"@graph\":[{\"@type\":\"WebPage\",\"@id\":\"https:\\\/\\\/simittribu.com\\\/es\\\/producto\\\/bruxelles-2\\\/\",\"url\":\"https:\\\/\\\/simittribu.com\\\/es\\\/producto\\\/bruxelles-2\\\/\",\"name\":\"Bruxelles - Simit Tribu\",\"isPartOf\":{\"@id\":\"https:\\\/\\\/simittribu.com\\\/es\\\/#website\"},\"primaryImageOfPage\":{\"@id\":\"https:\\\/\\\/simittribu.com\\\/es\\\/producto\\\/bruxelles-2\\\/#primaryimage\"},\"image\":{\"@id\":\"https:\\\/\\\/simittribu.com\\\/es\\\/producto\\\/bruxelles-2\\\/#primaryimage\"},\"thumbnailUrl\":\"https:\\\/\\\/simittribu.com\\\/wp-content\\\/uploads\\\/2025\\\/02\\\/Flared-yellow-skirt-in-upcycled-fabric.webp\",\"datePublished\":\"2025-02-27T14:40:22+00:00\",\"dateModified\":\"2026-03-10T21:24:40+00:00\",\"breadcrumb\":{\"@id\":\"https:\\\/\\\/simittribu.com\\\/es\\\/producto\\\/bruxelles-2\\\/#breadcrumb\"},\"inLanguage\":\"es\",\"potentialAction\":[{\"@type\":\"ReadAction\",\"target\":[\"https:\\\/\\\/simittribu.com\\\/es\\\/producto\\\/bruxelles-2\\\/\"]}]},{\"@type\":\"ImageObject\",\"inLanguage\":\"es\",\"@id\":\"https:\\\/\\\/simittribu.com\\\/es\\\/producto\\\/bruxelles-2\\\/#primaryimage\",\"url\":\"https:\\\/\\\/simittribu.com\\\/wp-content\\\/uploads\\\/2025\\\/02\\\/Flared-yellow-skirt-in-upcycled-fabric.webp\",\"contentUrl\":\"https:\\\/\\\/simittribu.com\\\/wp-content\\\/uploads\\\/2025\\\/02\\\/Flared-yellow-skirt-in-upcycled-fabric.webp\",\"width\":1066,\"height\":1600},{\"@type\":\"BreadcrumbList\",\"@id\":\"https:\\\/\\\/simittribu.com\\\/es\\\/producto\\\/bruxelles-2\\\/#breadcrumb\",\"itemListElement\":[{\"@type\":\"ListItem\",\"position\":1,\"name\":\"Home\",\"item\":\"https:\\\/\\\/simittribu.com\\\/es\\\/\"},{\"@type\":\"ListItem\",\"position\":2,\"name\":\"Tienda\",\"item\":\"https:\\\/\\\/simittribu.com\\\/es\\\/tienda\\\/\"},{\"@type\":\"ListItem\",\"position\":3,\"name\":\"Bruxelles\"}]},{\"@type\":\"WebSite\",\"@id\":\"https:\\\/\\\/simittribu.com\\\/es\\\/#website\",\"url\":\"https:\\\/\\\/simittribu.com\\\/es\\\/\",\"name\":\"Simit Tribu\",\"description\":\"Be unique | Be creative | Become Simit Tribu\",\"publisher\":{\"@id\":\"https:\\\/\\\/simittribu.com\\\/es\\\/#organization\"},\"potentialAction\":[{\"@type\":\"SearchAction\",\"target\":{\"@type\":\"EntryPoint\",\"urlTemplate\":\"https:\\\/\\\/simittribu.com\\\/es\\\/?s={search_term_string}\"},\"query-input\":{\"@type\":\"PropertyValueSpecification\",\"valueRequired\":true,\"valueName\":\"search_term_string\"}}],\"inLanguage\":\"es\"},{\"@type\":\"Organization\",\"@id\":\"https:\\\/\\\/simittribu.com\\\/es\\\/#organization\",\"name\":\"Simit Tribu\",\"url\":\"https:\\\/\\\/simittribu.com\\\/es\\\/\",\"logo\":{\"@type\":\"ImageObject\",\"inLanguage\":\"es\",\"@id\":\"https:\\\/\\\/simittribu.com\\\/es\\\/#\\\/schema\\\/logo\\\/image\\\/\",\"url\":\"https:\\\/\\\/simittribu.com\\\/wp-content\\\/uploads\\\/2021\\\/09\\\/simittribu_logoverde_home_200.jpg\",\"contentUrl\":\"https:\\\/\\\/simittribu.com\\\/wp-content\\\/uploads\\\/2021\\\/09\\\/simittribu_logoverde_home_200.jpg\",\"width\":200,\"height\":200,\"caption\":\"Simit Tribu\"},\"image\":{\"@id\":\"https:\\\/\\\/simittribu.com\\\/es\\\/#\\\/schema\\\/logo\\\/image\\\/\"},\"sameAs\":[\"https:\\\/\\\/www.facebook.com\\\/simit.tribu\\\/\",\"https:\\\/\\\/www.instagram.com\\\/simit.tribu\\\/\"]}]}<\/script>\n<!-- \/ Yoast SEO plugin. -->","yoast_head_json":{"title":"Bruxelles - Simit Tribu","robots":{"index":"index","follow":"follow","max-snippet":"max-snippet:-1","max-image-preview":"max-image-preview:large","max-video-preview":"max-video-preview:-1"},"canonical":"https:\/\/simittribu.com\/es\/producto\/bruxelles-2\/","og_locale":"es_ES","og_type":"article","og_title":"Bruxelles - Simit Tribu","og_description":"Falda Corta Acampanada en Telas Upcycled Esta falda corta acampanada est\u00e1 confeccionada con s\u00e1banas recicladas de los a\u00f1os 90, combinando dos telas diferentes para una sensaci\u00f3n suave y ecol\u00f3gica. La cintura el\u00e1stica permite pon\u00e9rsela f\u00e1cilmente, mientras que el corte en l\u00ednea A asegura un ajuste favorecedor y c\u00f3modo para el d\u00eda a d\u00eda. Con dos patrones diferentes, esta falda es una pieza divertida y vers\u00e1til que combina perfectamente con nuestra camiseta \"Tur\u00edn\" para un look casual y chic.  Composici\u00f3n: S\u00e1banas recicladas: 50% algod\u00f3n, 50% poli\u00e9ster","og_url":"https:\/\/simittribu.com\/es\/producto\/bruxelles-2\/","og_site_name":"Simit Tribu","article_publisher":"https:\/\/www.facebook.com\/simit.tribu\/","article_modified_time":"2026-03-10T21:24:40+00:00","og_image":[{"width":1066,"height":1600,"url":"https:\/\/simittribu.com\/wp-content\/uploads\/2025\/02\/Flared-yellow-skirt-in-upcycled-fabric.webp","type":"image\/webp"}],"twitter_card":"summary_large_image","schema":{"@context":"https:\/\/schema.org","@graph":[{"@type":"WebPage","@id":"https:\/\/simittribu.com\/es\/producto\/bruxelles-2\/","url":"https:\/\/simittribu.com\/es\/producto\/bruxelles-2\/","name":"Bruxelles - Simit Tribu","isPartOf":{"@id":"https:\/\/simittribu.com\/es\/#website"},"primaryImageOfPage":{"@id":"https:\/\/simittribu.com\/es\/producto\/bruxelles-2\/#primaryimage"},"image":{"@id":"https:\/\/simittribu.com\/es\/producto\/bruxelles-2\/#primaryimage"},"thumbnailUrl":"https:\/\/simittribu.com\/wp-content\/uploads\/2025\/02\/Flared-yellow-skirt-in-upcycled-fabric.webp","datePublished":"2025-02-27T14:40:22+00:00","dateModified":"2026-03-10T21:24:40+00:00","breadcrumb":{"@id":"https:\/\/simittribu.com\/es\/producto\/bruxelles-2\/#breadcrumb"},"inLanguage":"es","potentialAction":[{"@type":"ReadAction","target":["https:\/\/simittribu.com\/es\/producto\/bruxelles-2\/"]}]},{"@type":"ImageObject","inLanguage":"es","@id":"https:\/\/simittribu.com\/es\/producto\/bruxelles-2\/#primaryimage","url":"https:\/\/simittribu.com\/wp-content\/uploads\/2025\/02\/Flared-yellow-skirt-in-upcycled-fabric.webp","contentUrl":"https:\/\/simittribu.com\/wp-content\/uploads\/2025\/02\/Flared-yellow-skirt-in-upcycled-fabric.webp","width":1066,"height":1600},{"@type":"BreadcrumbList","@id":"https:\/\/simittribu.com\/es\/producto\/bruxelles-2\/#breadcrumb","itemListElement":[{"@type":"ListItem","position":1,"name":"Home","item":"https:\/\/simittribu.com\/es\/"},{"@type":"ListItem","position":2,"name":"Tienda","item":"https:\/\/simittribu.com\/es\/tienda\/"},{"@type":"ListItem","position":3,"name":"Bruxelles"}]},{"@type":"WebSite","@id":"https:\/\/simittribu.com\/es\/#website","url":"https:\/\/simittribu.com\/es\/","name":"Simit Tribu","description":"Be unique | Be creative | Become Simit Tribu","publisher":{"@id":"https:\/\/simittribu.com\/es\/#organization"},"potentialAction":[{"@type":"SearchAction","target":{"@type":"EntryPoint","urlTemplate":"https:\/\/simittribu.com\/es\/?s={search_term_string}"},"query-input":{"@type":"PropertyValueSpecification","valueRequired":true,"valueName":"search_term_string"}}],"inLanguage":"es"},{"@type":"Organization","@id":"https:\/\/simittribu.com\/es\/#organization","name":"Simit Tribu","url":"https:\/\/simittribu.com\/es\/","logo":{"@type":"ImageObject","inLanguage":"es","@id":"https:\/\/simittribu.com\/es\/#\/schema\/logo\/image\/","url":"https:\/\/simittribu.com\/wp-content\/uploads\/2021\/09\/simittribu_logoverde_home_200.jpg","contentUrl":"https:\/\/simittribu.com\/wp-content\/uploads\/2021\/09\/simittribu_logoverde_home_200.jpg","width":200,"height":200,"caption":"Simit Tribu"},"image":{"@id":"https:\/\/simittribu.com\/es\/#\/schema\/logo\/image\/"},"sameAs":["https:\/\/www.facebook.com\/simit.tribu\/","https:\/\/www.instagram.com\/simit.tribu\/"]}]}},"_links":{"self":[{"href":"https:\/\/simittribu.com\/es\/wp-json\/wp\/v2\/product\/16561","targetHints":{"allow":["GET"]}}],"collection":[{"href":"https:\/\/simittribu.com\/es\/wp-json\/wp\/v2\/product"}],"about":[{"href":"https:\/\/simittribu.com\/es\/wp-json\/wp\/v2\/types\/product"}],"version-history":[{"count":1,"href":"https:\/\/simittribu.com\/es\/wp-json\/wp\/v2\/product\/16561\/revisions"}],"predecessor-version":[{"id":16753,"href":"https:\/\/simittribu.com\/es\/wp-json\/wp\/v2\/product\/16561\/revisions\/16753"}],"wp:featuredmedia":[{"embeddable":true,"href":"https:\/\/simittribu.com\/es\/wp-json\/wp\/v2\/media\/16358"}],"wp:attachment":[{"href":"https:\/\/simittribu.com\/es\/wp-json\/wp\/v2\/media?parent=16561"}],"wp:term":[{"taxonomy":"product_brand","embeddable":true,"href":"https:\/\/simittribu.com\/es\/wp-json\/wp\/v2\/product_brand?post=16561"},{"taxonomy":"product_cat","embeddable":true,"href":"https:\/\/simittribu.com\/es\/wp-json\/wp\/v2\/product_cat?post=16561"},{"taxonomy":"product_tag","embeddable":true,"href":"https:\/\/simittribu.com\/es\/wp-json\/wp\/v2\/product_tag?post=16561"}],"curies":[{"name":"wp","href":"https:\/\/api.w.org\/{rel}","templated":true}]}}