{"id":16537,"date":"2025-02-28T01:00:48","date_gmt":"2025-02-27T23:00:48","guid":{"rendered":"https:\/\/simittribu.com\/?post_type=product&#038;p=16537"},"modified":"2026-03-10T23:33:59","modified_gmt":"2026-03-10T21:33:59","slug":"gand-3","status":"publish","type":"product","link":"https:\/\/simittribu.com\/es\/producto\/gand-3\/","title":{"rendered":"Gand"},"content":{"rendered":"<p>Falda Midi en Tela Upcycling \u2013 Sostenible y Estilosa<\/p>\n<p>\u00bfPor Qu\u00e9 Te Encantar\u00e1?<\/p>\n<p>Hecha a partir de s\u00e1banas recicladas de los a\u00f1os 90, apoyando la moda sostenible.<br \/>\nBotones de presi\u00f3n en la parte delantera para un uso f\u00e1cil y un detalle estiloso.<br \/>\nOriginales bolsillos laterales en forma de cono de churros para un dise\u00f1o divertido y funcional.<br \/>\nCorte midi, vers\u00e1til para diversas ocasiones.<br \/>\nLogo bordado de SIMIT TRIBU que aporta un detalle artesanal.<br \/>\nCuidadosamente confeccionada en Barcelona.<\/p>\n<p>Pieza exclusiva<\/p>\n","protected":false},"excerpt":{"rendered":"<p>Falda Midi en Tela Upcycling<\/p>\n<p>Esta falda midi est\u00e1 confeccionada con s\u00e1banas recicladas de los a\u00f1os 90, combinando 60% algod\u00f3n y 40% poli\u00e9ster para un corte c\u00f3modo y ecol\u00f3gico. Los botones de presi\u00f3n en la parte delantera y los bolsillos laterales en forma de cono de churros a\u00f1aden un toque divertido a su dise\u00f1o casual. Comb\u00ednala con la camisa &#8220;Sevilla&#8221; para el conjunto perfecto de verano.  <\/p>\n<p>Composici\u00f3n:<br \/>\nS\u00e1banas reciclada: 60% algod\u00f3n 40% poli\u00e9ster<\/p>\n","protected":false},"featured_media":16370,"template":"","meta":{"_coblocks_attr":"","_coblocks_dimensions":"","_coblocks_responsive_height":"","_coblocks_accordion_ie_support":"","site-sidebar-layout":"default","site-content-layout":"","ast-site-content-layout":"default","site-content-style":"default","site-sidebar-style":"default","ast-global-header-display":"","ast-banner-title-visibility":"","ast-main-header-display":"","ast-hfb-above-header-display":"","ast-hfb-below-header-display":"","ast-hfb-mobile-header-display":"","site-post-title":"","ast-breadcrumbs-content":"","ast-featured-img":"","footer-sml-layout":"","ast-disable-related-posts":"","theme-transparent-header-meta":"default","adv-header-id-meta":"","stick-header-meta":"","header-above-stick-meta":"","header-main-stick-meta":"","header-below-stick-meta":"","astra-migrate-meta-layouts":"set","ast-page-background-enabled":"default","ast-page-background-meta":{"desktop":{"background-color":"","background-image":"","background-repeat":"repeat","background-position":"center center","background-size":"auto","background-attachment":"scroll","background-type":"","background-media":"","overlay-type":"","overlay-color":"","overlay-opacity":"","overlay-gradient":""},"tablet":{"background-color":"","background-image":"","background-repeat":"repeat","background-position":"center center","background-size":"auto","background-attachment":"scroll","background-type":"","background-media":"","overlay-type":"","overlay-color":"","overlay-opacity":"","overlay-gradient":""},"mobile":{"background-color":"","background-image":"","background-repeat":"repeat","background-position":"center center","background-size":"auto","background-attachment":"scroll","background-type":"","background-media":"","overlay-type":"","overlay-color":"","overlay-opacity":"","overlay-gradient":""}},"ast-content-background-meta":{"desktop":{"background-color":"var(--ast-global-color-5)","background-image":"","background-repeat":"repeat","background-position":"center center","background-size":"auto","background-attachment":"scroll","background-type":"","background-media":"","overlay-type":"","overlay-color":"","overlay-opacity":"","overlay-gradient":""},"tablet":{"background-color":"var(--ast-global-color-5)","background-image":"","background-repeat":"repeat","background-position":"center center","background-size":"auto","background-attachment":"scroll","background-type":"","background-media":"","overlay-type":"","overlay-color":"","overlay-opacity":"","overlay-gradient":""},"mobile":{"background-color":"var(--ast-global-color-5)","background-image":"","background-repeat":"repeat","background-position":"center center","background-size":"auto","background-attachment":"scroll","background-type":"","background-media":"","overlay-type":"","overlay-color":"","overlay-opacity":"","overlay-gradient":""}}},"product_brand":[],"product_cat":[143],"product_tag":[],"class_list":{"0":"post-16537","1":"product","2":"type-product","3":"status-publish","4":"has-post-thumbnail","6":"product_cat-faldas","7":"desktop-align-left","8":"tablet-align-left","9":"mobile-align-left","11":"first","12":"instock","13":"shipping-taxable","14":"purchasable","15":"product-type-variable"},"yoast_head":"<!-- This site is optimized with the Yoast SEO plugin v27.4 - https:\/\/yoast.com\/product\/yoast-seo-wordpress\/ -->\n<title>Gand - Simit Tribu<\/title>\n<meta name=\"robots\" content=\"index, follow, max-snippet:-1, max-image-preview:large, max-video-preview:-1\" \/>\n<link rel=\"canonical\" href=\"https:\/\/simittribu.com\/es\/producto\/gand-3\/\" \/>\n<meta property=\"og:locale\" content=\"es_ES\" \/>\n<meta property=\"og:type\" content=\"article\" \/>\n<meta property=\"og:title\" content=\"Gand - Simit Tribu\" \/>\n<meta property=\"og:description\" content=\"Falda Midi en Tela Upcycling Esta falda midi est\u00e1 confeccionada con s\u00e1banas recicladas de los a\u00f1os 90, combinando 60% algod\u00f3n y 40% poli\u00e9ster para un corte c\u00f3modo y ecol\u00f3gico. Los botones de presi\u00f3n en la parte delantera y los bolsillos laterales en forma de cono de churros a\u00f1aden un toque divertido a su dise\u00f1o casual. Comb\u00ednala con la camisa &quot;Sevilla&quot; para el conjunto perfecto de verano.  Composici\u00f3n: S\u00e1banas reciclada: 60% algod\u00f3n 40% poli\u00e9ster\" \/>\n<meta property=\"og:url\" content=\"https:\/\/simittribu.com\/es\/producto\/gand-3\/\" \/>\n<meta property=\"og:site_name\" content=\"Simit Tribu\" \/>\n<meta property=\"article:publisher\" content=\"https:\/\/www.facebook.com\/simit.tribu\/\" \/>\n<meta property=\"article:modified_time\" content=\"2026-03-10T21:33:59+00:00\" \/>\n<meta property=\"og:image\" content=\"https:\/\/simittribu.com\/wp-content\/uploads\/2025\/02\/Mid-Length-Skirt-in-Upcycled-Fabric.webp\" \/>\n\t<meta property=\"og:image:width\" content=\"1066\" \/>\n\t<meta property=\"og:image:height\" content=\"1600\" \/>\n\t<meta property=\"og:image:type\" content=\"image\/webp\" \/>\n<meta name=\"twitter:card\" content=\"summary_large_image\" \/>\n<script type=\"application\/ld+json\" class=\"yoast-schema-graph\">{\"@context\":\"https:\\\/\\\/schema.org\",\"@graph\":[{\"@type\":\"WebPage\",\"@id\":\"https:\\\/\\\/simittribu.com\\\/es\\\/producto\\\/gand-3\\\/\",\"url\":\"https:\\\/\\\/simittribu.com\\\/es\\\/producto\\\/gand-3\\\/\",\"name\":\"Gand - Simit Tribu\",\"isPartOf\":{\"@id\":\"https:\\\/\\\/simittribu.com\\\/es\\\/#website\"},\"primaryImageOfPage\":{\"@id\":\"https:\\\/\\\/simittribu.com\\\/es\\\/producto\\\/gand-3\\\/#primaryimage\"},\"image\":{\"@id\":\"https:\\\/\\\/simittribu.com\\\/es\\\/producto\\\/gand-3\\\/#primaryimage\"},\"thumbnailUrl\":\"https:\\\/\\\/simittribu.com\\\/wp-content\\\/uploads\\\/2025\\\/02\\\/Mid-Length-Skirt-in-Upcycled-Fabric.webp\",\"datePublished\":\"2025-02-27T23:00:48+00:00\",\"dateModified\":\"2026-03-10T21:33:59+00:00\",\"breadcrumb\":{\"@id\":\"https:\\\/\\\/simittribu.com\\\/es\\\/producto\\\/gand-3\\\/#breadcrumb\"},\"inLanguage\":\"es\",\"potentialAction\":[{\"@type\":\"ReadAction\",\"target\":[\"https:\\\/\\\/simittribu.com\\\/es\\\/producto\\\/gand-3\\\/\"]}]},{\"@type\":\"ImageObject\",\"inLanguage\":\"es\",\"@id\":\"https:\\\/\\\/simittribu.com\\\/es\\\/producto\\\/gand-3\\\/#primaryimage\",\"url\":\"https:\\\/\\\/simittribu.com\\\/wp-content\\\/uploads\\\/2025\\\/02\\\/Mid-Length-Skirt-in-Upcycled-Fabric.webp\",\"contentUrl\":\"https:\\\/\\\/simittribu.com\\\/wp-content\\\/uploads\\\/2025\\\/02\\\/Mid-Length-Skirt-in-Upcycled-Fabric.webp\",\"width\":1066,\"height\":1600},{\"@type\":\"BreadcrumbList\",\"@id\":\"https:\\\/\\\/simittribu.com\\\/es\\\/producto\\\/gand-3\\\/#breadcrumb\",\"itemListElement\":[{\"@type\":\"ListItem\",\"position\":1,\"name\":\"Home\",\"item\":\"https:\\\/\\\/simittribu.com\\\/es\\\/\"},{\"@type\":\"ListItem\",\"position\":2,\"name\":\"Tienda\",\"item\":\"https:\\\/\\\/simittribu.com\\\/es\\\/tienda\\\/\"},{\"@type\":\"ListItem\",\"position\":3,\"name\":\"Gand\"}]},{\"@type\":\"WebSite\",\"@id\":\"https:\\\/\\\/simittribu.com\\\/es\\\/#website\",\"url\":\"https:\\\/\\\/simittribu.com\\\/es\\\/\",\"name\":\"Simit Tribu\",\"description\":\"Be unique | Be creative | Become Simit Tribu\",\"publisher\":{\"@id\":\"https:\\\/\\\/simittribu.com\\\/es\\\/#organization\"},\"potentialAction\":[{\"@type\":\"SearchAction\",\"target\":{\"@type\":\"EntryPoint\",\"urlTemplate\":\"https:\\\/\\\/simittribu.com\\\/es\\\/?s={search_term_string}\"},\"query-input\":{\"@type\":\"PropertyValueSpecification\",\"valueRequired\":true,\"valueName\":\"search_term_string\"}}],\"inLanguage\":\"es\"},{\"@type\":\"Organization\",\"@id\":\"https:\\\/\\\/simittribu.com\\\/es\\\/#organization\",\"name\":\"Simit Tribu\",\"url\":\"https:\\\/\\\/simittribu.com\\\/es\\\/\",\"logo\":{\"@type\":\"ImageObject\",\"inLanguage\":\"es\",\"@id\":\"https:\\\/\\\/simittribu.com\\\/es\\\/#\\\/schema\\\/logo\\\/image\\\/\",\"url\":\"https:\\\/\\\/simittribu.com\\\/wp-content\\\/uploads\\\/2021\\\/09\\\/simittribu_logoverde_home_200.jpg\",\"contentUrl\":\"https:\\\/\\\/simittribu.com\\\/wp-content\\\/uploads\\\/2021\\\/09\\\/simittribu_logoverde_home_200.jpg\",\"width\":200,\"height\":200,\"caption\":\"Simit Tribu\"},\"image\":{\"@id\":\"https:\\\/\\\/simittribu.com\\\/es\\\/#\\\/schema\\\/logo\\\/image\\\/\"},\"sameAs\":[\"https:\\\/\\\/www.facebook.com\\\/simit.tribu\\\/\",\"https:\\\/\\\/www.instagram.com\\\/simit.tribu\\\/\"]}]}<\/script>\n<!-- \/ Yoast SEO plugin. -->","yoast_head_json":{"title":"Gand - Simit Tribu","robots":{"index":"index","follow":"follow","max-snippet":"max-snippet:-1","max-image-preview":"max-image-preview:large","max-video-preview":"max-video-preview:-1"},"canonical":"https:\/\/simittribu.com\/es\/producto\/gand-3\/","og_locale":"es_ES","og_type":"article","og_title":"Gand - Simit Tribu","og_description":"Falda Midi en Tela Upcycling Esta falda midi est\u00e1 confeccionada con s\u00e1banas recicladas de los a\u00f1os 90, combinando 60% algod\u00f3n y 40% poli\u00e9ster para un corte c\u00f3modo y ecol\u00f3gico. Los botones de presi\u00f3n en la parte delantera y los bolsillos laterales en forma de cono de churros a\u00f1aden un toque divertido a su dise\u00f1o casual. Comb\u00ednala con la camisa \"Sevilla\" para el conjunto perfecto de verano.  Composici\u00f3n: S\u00e1banas reciclada: 60% algod\u00f3n 40% poli\u00e9ster","og_url":"https:\/\/simittribu.com\/es\/producto\/gand-3\/","og_site_name":"Simit Tribu","article_publisher":"https:\/\/www.facebook.com\/simit.tribu\/","article_modified_time":"2026-03-10T21:33:59+00:00","og_image":[{"width":1066,"height":1600,"url":"https:\/\/simittribu.com\/wp-content\/uploads\/2025\/02\/Mid-Length-Skirt-in-Upcycled-Fabric.webp","type":"image\/webp"}],"twitter_card":"summary_large_image","schema":{"@context":"https:\/\/schema.org","@graph":[{"@type":"WebPage","@id":"https:\/\/simittribu.com\/es\/producto\/gand-3\/","url":"https:\/\/simittribu.com\/es\/producto\/gand-3\/","name":"Gand - Simit Tribu","isPartOf":{"@id":"https:\/\/simittribu.com\/es\/#website"},"primaryImageOfPage":{"@id":"https:\/\/simittribu.com\/es\/producto\/gand-3\/#primaryimage"},"image":{"@id":"https:\/\/simittribu.com\/es\/producto\/gand-3\/#primaryimage"},"thumbnailUrl":"https:\/\/simittribu.com\/wp-content\/uploads\/2025\/02\/Mid-Length-Skirt-in-Upcycled-Fabric.webp","datePublished":"2025-02-27T23:00:48+00:00","dateModified":"2026-03-10T21:33:59+00:00","breadcrumb":{"@id":"https:\/\/simittribu.com\/es\/producto\/gand-3\/#breadcrumb"},"inLanguage":"es","potentialAction":[{"@type":"ReadAction","target":["https:\/\/simittribu.com\/es\/producto\/gand-3\/"]}]},{"@type":"ImageObject","inLanguage":"es","@id":"https:\/\/simittribu.com\/es\/producto\/gand-3\/#primaryimage","url":"https:\/\/simittribu.com\/wp-content\/uploads\/2025\/02\/Mid-Length-Skirt-in-Upcycled-Fabric.webp","contentUrl":"https:\/\/simittribu.com\/wp-content\/uploads\/2025\/02\/Mid-Length-Skirt-in-Upcycled-Fabric.webp","width":1066,"height":1600},{"@type":"BreadcrumbList","@id":"https:\/\/simittribu.com\/es\/producto\/gand-3\/#breadcrumb","itemListElement":[{"@type":"ListItem","position":1,"name":"Home","item":"https:\/\/simittribu.com\/es\/"},{"@type":"ListItem","position":2,"name":"Tienda","item":"https:\/\/simittribu.com\/es\/tienda\/"},{"@type":"ListItem","position":3,"name":"Gand"}]},{"@type":"WebSite","@id":"https:\/\/simittribu.com\/es\/#website","url":"https:\/\/simittribu.com\/es\/","name":"Simit Tribu","description":"Be unique | Be creative | Become Simit Tribu","publisher":{"@id":"https:\/\/simittribu.com\/es\/#organization"},"potentialAction":[{"@type":"SearchAction","target":{"@type":"EntryPoint","urlTemplate":"https:\/\/simittribu.com\/es\/?s={search_term_string}"},"query-input":{"@type":"PropertyValueSpecification","valueRequired":true,"valueName":"search_term_string"}}],"inLanguage":"es"},{"@type":"Organization","@id":"https:\/\/simittribu.com\/es\/#organization","name":"Simit Tribu","url":"https:\/\/simittribu.com\/es\/","logo":{"@type":"ImageObject","inLanguage":"es","@id":"https:\/\/simittribu.com\/es\/#\/schema\/logo\/image\/","url":"https:\/\/simittribu.com\/wp-content\/uploads\/2021\/09\/simittribu_logoverde_home_200.jpg","contentUrl":"https:\/\/simittribu.com\/wp-content\/uploads\/2021\/09\/simittribu_logoverde_home_200.jpg","width":200,"height":200,"caption":"Simit Tribu"},"image":{"@id":"https:\/\/simittribu.com\/es\/#\/schema\/logo\/image\/"},"sameAs":["https:\/\/www.facebook.com\/simit.tribu\/","https:\/\/www.instagram.com\/simit.tribu\/"]}]}},"_links":{"self":[{"href":"https:\/\/simittribu.com\/es\/wp-json\/wp\/v2\/product\/16537","targetHints":{"allow":["GET"]}}],"collection":[{"href":"https:\/\/simittribu.com\/es\/wp-json\/wp\/v2\/product"}],"about":[{"href":"https:\/\/simittribu.com\/es\/wp-json\/wp\/v2\/types\/product"}],"version-history":[{"count":1,"href":"https:\/\/simittribu.com\/es\/wp-json\/wp\/v2\/product\/16537\/revisions"}],"predecessor-version":[{"id":16880,"href":"https:\/\/simittribu.com\/es\/wp-json\/wp\/v2\/product\/16537\/revisions\/16880"}],"wp:featuredmedia":[{"embeddable":true,"href":"https:\/\/simittribu.com\/es\/wp-json\/wp\/v2\/media\/16370"}],"wp:attachment":[{"href":"https:\/\/simittribu.com\/es\/wp-json\/wp\/v2\/media?parent=16537"}],"wp:term":[{"taxonomy":"product_brand","embeddable":true,"href":"https:\/\/simittribu.com\/es\/wp-json\/wp\/v2\/product_brand?post=16537"},{"taxonomy":"product_cat","embeddable":true,"href":"https:\/\/simittribu.com\/es\/wp-json\/wp\/v2\/product_cat?post=16537"},{"taxonomy":"product_tag","embeddable":true,"href":"https:\/\/simittribu.com\/es\/wp-json\/wp\/v2\/product_tag?post=16537"}],"curies":[{"name":"wp","href":"https:\/\/api.w.org\/{rel}","templated":true}]}}